{"id":1335,"date":"2021-10-19T17:04:43","date_gmt":"2021-10-19T15:04:43","guid":{"rendered":"https:\/\/sipospack.hu\/?page_id=1335"},"modified":"2025-05-20T19:34:09","modified_gmt":"2025-05-20T17:34:09","slug":"certificates","status":"publish","type":"page","link":"https:\/\/sipospack.hu\/en\/certificates\/","title":{"rendered":"Certificates"},"content":{"rendered":"<div class=\"wpb-content-wrapper\"><p>[vc_row wrap_container=&#8221;yes&#8221; el_class=&#8221;pt-3 mt-4&#8243;][vc_column width=&#8221;1\/2&#8243;][vc_single_image image=&#8221;1043&#8243; img_size=&#8221;full&#8221;][vc_column_text]Sipospack Kft. pays special attention to excellent quality and to the quick and flexible service of orders. We continuously monitor and improve the quality of our products and services, whether it is individual product design, production or customer service.<\/p>\n<p>Our company has been maintaining and continuously developing the MSZ EN ISO 9001 quality management system and the MSZ EN ISO 14001 environmental management system, which has been certified since 2004.<\/p>\n<p>In 2019, we introduced a system in accordance with the BRC food safety standard, which was successfully certified in March 2019 by Bureau Veritas.[\/vc_column_text][\/vc_column][vc_column width=&#8221;1\/2&#8243;][vc_single_image image=&#8221;1139&#8243; img_size=&#8221;full&#8221; alignment=&#8221;center&#8221;][\/vc_column][\/vc_row][vc_row wrap_container=&#8221;yes&#8221;][vc_column][vc_column_text]<\/p>\n<h2>Download certificates:<\/h2>\n<ul>\n<li><i class=\"fas fa-angle-right\"><\/i><a href=\"https:\/\/sipospack.hu\/wp-content\/uploads\/2023\/04\/BRC-Sipospack-Soskut-hun.pdf\" target=\"_blank\" rel=\"noopener\">Bureau Veritas Certification Holding SAS &#8211; UK Branch tan\u00fas\u00edtv\u00e1ny (HU) &#8211; S\u00f3sk\u00fat<\/a><\/li>\n<li><i class=\"fas fa-angle-right\"><\/i><a href=\"https:\/\/sipospack.hu\/wp-content\/uploads\/2024\/04\/BRC-Sipospack-Soskut-eng.pdf\" target=\"_blank\" rel=\"noopener\">Bureau Veritas Certification Holding SAS &#8211; UK Branch tan\u00fas\u00edtv\u00e1ny (EN) &#8211; S\u00f3sk\u00fat<\/a><\/li>\n<li><i class=\"fas fa-angle-right\"><\/i><a href=\"https:\/\/sipospack.hu\/wp-content\/uploads\/2023\/04\/BRC-Sipospack-Herceghalom-hun.pdf\" target=\"_blank\" rel=\"noopener\">Bureau Veritas Certification Holding SAS &#8211; UK Branch tan\u00fas\u00edtv\u00e1ny (HU) &#8211; Herceghalom<\/a><\/li>\n<li><i class=\"fas fa-angle-right\"><\/i><a href=\"https:\/\/sipospack.hu\/wp-content\/uploads\/2023\/04\/BRC-Sipospack-Herceghalom-eng.pdf\" target=\"_blank\" rel=\"noopener\">Bureau Veritas Certification Holding SAS &#8211; UK Branch tan\u00fas\u00edtv\u00e1ny (EN) &#8211; Herceghalom<\/a><\/li>\n<li><i class=\"fas fa-angle-right\"><\/i><a href=\"https:\/\/sipospack.hu\/wp-content\/uploads\/2023\/01\/ISO-900114001_MKIR-TAN-HU_EX-2244.22_SIPOSPACK-Kft.pdf\" target=\"_blank\" rel=\"noopener\">ISO 9001 &amp; 14001 (HU)<\/a><\/li>\n<li><i class=\"fas fa-angle-right\"><\/i><a href=\"https:\/\/sipospack.hu\/wp-content\/uploads\/2023\/01\/ISO-900114001_QEMS-CERT-ENG_EX-2244.22_SIPOSPACK-Kft.pdf\" target=\"_blank\" rel=\"noopener\">ISO 9001 &amp; 14001 (EN)<\/a><\/li>\n<li><i class=\"fas fa-angle-right\"><\/i><a href=\"\/wp-content\/uploads\/2021\/08\/Minoseg-es-Kornyezetpolitika.pdf\" target=\"_blank\" rel=\"noopener\">\u00c9lelmiszer-biztons\u00e1gi \u00e9s min\u0151s\u00e9gpolitika tan\u00fas\u00edtv\u00e1ny (HU)<\/a><\/li>\n<li><i class=\"fas fa-angle-right\"><\/i><a href=\"https:\/\/sipospack.hu\/wp-content\/uploads\/2021\/08\/Quality-and-environmental-policy.pdf\" target=\"_blank\" rel=\"noopener\">\u00c9lelmiszer-biztons\u00e1gi \u00e9s min\u0151s\u00e9gpolitika tan\u00fas\u00edtv\u00e1ny (EN)<\/a><\/li>\n<\/ul>\n<p>[\/vc_column_text][\/vc_column][\/vc_row]<\/p>\n<\/div>","protected":false},"excerpt":{"rendered":"<p>[vc_row wrap_container=&#8221;yes&#8221; el_class=&#8221;pt-3 mt-4&#8243;][vc_column width=&#8221;1\/2&#8243;][vc_single_image image=&#8221;1043&#8243; img_size=&#8221;full&#8221;][vc_column_text]Sipospack Kft. pays special attention to excellent quality and to the quick and flexible service of orders. We continuously monitor and improve the quality of our products and services, whether it is individual product design, production or customer service. Our company has been maintaining and continuously developing the MSZ [&hellip;]<\/p>\n","protected":false},"author":1,"featured_media":0,"parent":0,"menu_order":0,"comment_status":"closed","ping_status":"closed","template":"","meta":{"footnotes":""},"class_list":["post-1335","page","type-page","status-publish","hentry"],"yoast_head":"<!-- This site is optimized with the Yoast SEO plugin v25.1 - https:\/\/yoast.com\/wordpress\/plugins\/seo\/ -->\n<title>Certificates - Sipospack - Packaging<\/title>\n<meta name=\"robots\" content=\"index, follow, max-snippet:-1, max-image-preview:large, max-video-preview:-1\" \/>\n<link rel=\"canonical\" href=\"https:\/\/sipospack.hu\/en\/certificates\/\" \/>\n<meta property=\"og:locale\" content=\"en_US\" \/>\n<meta property=\"og:type\" content=\"article\" \/>\n<meta property=\"og:title\" content=\"Certificates - Sipospack - Packaging\" \/>\n<meta property=\"og:description\" content=\"[vc_row wrap_container=&#8221;yes&#8221; el_class=&#8221;pt-3 mt-4&#8243;][vc_column width=&#8221;1\/2&#8243;][vc_single_image image=&#8221;1043&#8243; img_size=&#8221;full&#8221;][vc_column_text]Sipospack Kft. pays special attention to excellent quality and to the quick and flexible service of orders. We continuously monitor and improve the quality of our products and services, whether it is individual product design, production or customer service. Our company has been maintaining and continuously developing the MSZ [&hellip;]\" \/>\n<meta property=\"og:url\" content=\"https:\/\/sipospack.hu\/en\/certificates\/\" \/>\n<meta property=\"og:site_name\" content=\"Sipospack - Packaging\" \/>\n<meta property=\"article:publisher\" content=\"https:\/\/www.facebook.com\/siposgroup\/\" \/>\n<meta property=\"article:modified_time\" content=\"2025-05-20T17:34:09+00:00\" \/>\n<meta property=\"og:image\" content=\"https:\/\/sipospack.hu\/wp-content\/uploads\/2023\/02\/og-image.png\" \/>\n\t<meta property=\"og:image:width\" content=\"1200\" \/>\n\t<meta property=\"og:image:height\" content=\"627\" \/>\n\t<meta property=\"og:image:type\" content=\"image\/png\" \/>\n<meta name=\"twitter:card\" content=\"summary_large_image\" \/>\n<meta name=\"twitter:label1\" content=\"Est. reading time\" \/>\n\t<meta name=\"twitter:data1\" content=\"1 minute\" \/>\n<script type=\"application\/ld+json\" class=\"yoast-schema-graph\">{\"@context\":\"https:\/\/schema.org\",\"@graph\":[{\"@type\":\"WebPage\",\"@id\":\"https:\/\/sipospack.hu\/en\/certificates\/\",\"url\":\"https:\/\/sipospack.hu\/en\/certificates\/\",\"name\":\"Certificates - Sipospack - Packaging\",\"isPartOf\":{\"@id\":\"https:\/\/sipospack.hu\/#website\"},\"datePublished\":\"2021-10-19T15:04:43+00:00\",\"dateModified\":\"2025-05-20T17:34:09+00:00\",\"breadcrumb\":{\"@id\":\"https:\/\/sipospack.hu\/en\/certificates\/#breadcrumb\"},\"inLanguage\":\"en-US\",\"potentialAction\":[{\"@type\":\"ReadAction\",\"target\":[\"https:\/\/sipospack.hu\/en\/certificates\/\"]}]},{\"@type\":\"BreadcrumbList\",\"@id\":\"https:\/\/sipospack.hu\/en\/certificates\/#breadcrumb\",\"itemListElement\":[{\"@type\":\"ListItem\",\"position\":1,\"name\":\"Kezd\u0151lap\",\"item\":\"https:\/\/sipospack.hu\/en\/\"},{\"@type\":\"ListItem\",\"position\":2,\"name\":\"Certificates\"}]},{\"@type\":\"WebSite\",\"@id\":\"https:\/\/sipospack.hu\/#website\",\"url\":\"https:\/\/sipospack.hu\/\",\"name\":\"Sipospack - Packaging\",\"description\":\"Egyedi csomagol\u00e1s tervez\u00e9s \u00e9s gy\u00e1rt\u00e1s\",\"publisher\":{\"@id\":\"https:\/\/sipospack.hu\/#organization\"},\"potentialAction\":[{\"@type\":\"SearchAction\",\"target\":{\"@type\":\"EntryPoint\",\"urlTemplate\":\"https:\/\/sipospack.hu\/?s={search_term_string}\"},\"query-input\":{\"@type\":\"PropertyValueSpecification\",\"valueRequired\":true,\"valueName\":\"search_term_string\"}}],\"inLanguage\":\"en-US\"},{\"@type\":\"Organization\",\"@id\":\"https:\/\/sipospack.hu\/#organization\",\"name\":\"Sipospack Kft.\",\"url\":\"https:\/\/sipospack.hu\/\",\"logo\":{\"@type\":\"ImageObject\",\"inLanguage\":\"en-US\",\"@id\":\"https:\/\/sipospack.hu\/#\/schema\/logo\/image\/\",\"url\":\"https:\/\/sipospack.hu\/wp-content\/uploads\/2021\/08\/sipospack-logo.png\",\"contentUrl\":\"https:\/\/sipospack.hu\/wp-content\/uploads\/2021\/08\/sipospack-logo.png\",\"width\":280,\"height\":120,\"caption\":\"Sipospack Kft.\"},\"image\":{\"@id\":\"https:\/\/sipospack.hu\/#\/schema\/logo\/image\/\"},\"sameAs\":[\"https:\/\/www.facebook.com\/siposgroup\/\",\"https:\/\/www.instagram.com\/sipos_group\/\",\"https:\/\/www.youtube.com\/channel\/UCYJ-Guvjg3TDNmSjSmyj4OQ\"]}]}<\/script>\n<!-- \/ Yoast SEO plugin. -->","yoast_head_json":{"title":"Certificates - Sipospack - Packaging","robots":{"index":"index","follow":"follow","max-snippet":"max-snippet:-1","max-image-preview":"max-image-preview:large","max-video-preview":"max-video-preview:-1"},"canonical":"https:\/\/sipospack.hu\/en\/certificates\/","og_locale":"en_US","og_type":"article","og_title":"Certificates - Sipospack - Packaging","og_description":"[vc_row wrap_container=&#8221;yes&#8221; el_class=&#8221;pt-3 mt-4&#8243;][vc_column width=&#8221;1\/2&#8243;][vc_single_image image=&#8221;1043&#8243; img_size=&#8221;full&#8221;][vc_column_text]Sipospack Kft. pays special attention to excellent quality and to the quick and flexible service of orders. We continuously monitor and improve the quality of our products and services, whether it is individual product design, production or customer service. Our company has been maintaining and continuously developing the MSZ [&hellip;]","og_url":"https:\/\/sipospack.hu\/en\/certificates\/","og_site_name":"Sipospack - Packaging","article_publisher":"https:\/\/www.facebook.com\/siposgroup\/","article_modified_time":"2025-05-20T17:34:09+00:00","og_image":[{"width":1200,"height":627,"url":"https:\/\/sipospack.hu\/wp-content\/uploads\/2023\/02\/og-image.png","type":"image\/png"}],"twitter_card":"summary_large_image","twitter_misc":{"Est. reading time":"1 minute"},"schema":{"@context":"https:\/\/schema.org","@graph":[{"@type":"WebPage","@id":"https:\/\/sipospack.hu\/en\/certificates\/","url":"https:\/\/sipospack.hu\/en\/certificates\/","name":"Certificates - Sipospack - Packaging","isPartOf":{"@id":"https:\/\/sipospack.hu\/#website"},"datePublished":"2021-10-19T15:04:43+00:00","dateModified":"2025-05-20T17:34:09+00:00","breadcrumb":{"@id":"https:\/\/sipospack.hu\/en\/certificates\/#breadcrumb"},"inLanguage":"en-US","potentialAction":[{"@type":"ReadAction","target":["https:\/\/sipospack.hu\/en\/certificates\/"]}]},{"@type":"BreadcrumbList","@id":"https:\/\/sipospack.hu\/en\/certificates\/#breadcrumb","itemListElement":[{"@type":"ListItem","position":1,"name":"Kezd\u0151lap","item":"https:\/\/sipospack.hu\/en\/"},{"@type":"ListItem","position":2,"name":"Certificates"}]},{"@type":"WebSite","@id":"https:\/\/sipospack.hu\/#website","url":"https:\/\/sipospack.hu\/","name":"Sipospack - Packaging","description":"Egyedi csomagol\u00e1s tervez\u00e9s \u00e9s gy\u00e1rt\u00e1s","publisher":{"@id":"https:\/\/sipospack.hu\/#organization"},"potentialAction":[{"@type":"SearchAction","target":{"@type":"EntryPoint","urlTemplate":"https:\/\/sipospack.hu\/?s={search_term_string}"},"query-input":{"@type":"PropertyValueSpecification","valueRequired":true,"valueName":"search_term_string"}}],"inLanguage":"en-US"},{"@type":"Organization","@id":"https:\/\/sipospack.hu\/#organization","name":"Sipospack Kft.","url":"https:\/\/sipospack.hu\/","logo":{"@type":"ImageObject","inLanguage":"en-US","@id":"https:\/\/sipospack.hu\/#\/schema\/logo\/image\/","url":"https:\/\/sipospack.hu\/wp-content\/uploads\/2021\/08\/sipospack-logo.png","contentUrl":"https:\/\/sipospack.hu\/wp-content\/uploads\/2021\/08\/sipospack-logo.png","width":280,"height":120,"caption":"Sipospack Kft."},"image":{"@id":"https:\/\/sipospack.hu\/#\/schema\/logo\/image\/"},"sameAs":["https:\/\/www.facebook.com\/siposgroup\/","https:\/\/www.instagram.com\/sipos_group\/","https:\/\/www.youtube.com\/channel\/UCYJ-Guvjg3TDNmSjSmyj4OQ"]}]}},"_links":{"self":[{"href":"https:\/\/sipospack.hu\/en\/wp-json\/wp\/v2\/pages\/1335","targetHints":{"allow":["GET"]}}],"collection":[{"href":"https:\/\/sipospack.hu\/en\/wp-json\/wp\/v2\/pages"}],"about":[{"href":"https:\/\/sipospack.hu\/en\/wp-json\/wp\/v2\/types\/page"}],"author":[{"embeddable":true,"href":"https:\/\/sipospack.hu\/en\/wp-json\/wp\/v2\/users\/1"}],"replies":[{"embeddable":true,"href":"https:\/\/sipospack.hu\/en\/wp-json\/wp\/v2\/comments?post=1335"}],"version-history":[{"count":7,"href":"https:\/\/sipospack.hu\/en\/wp-json\/wp\/v2\/pages\/1335\/revisions"}],"predecessor-version":[{"id":4391,"href":"https:\/\/sipospack.hu\/en\/wp-json\/wp\/v2\/pages\/1335\/revisions\/4391"}],"wp:attachment":[{"href":"https:\/\/sipospack.hu\/en\/wp-json\/wp\/v2\/media?parent=1335"}],"curies":[{"name":"wp","href":"https:\/\/api.w.org\/{rel}","templated":true}]}}