{"id":1262,"date":"2021-09-25T01:12:01","date_gmt":"2021-09-24T23:12:01","guid":{"rendered":"https:\/\/sipospack.hu\/?page_id=1262"},"modified":"2025-05-20T19:31:01","modified_gmt":"2025-05-20T17:31:01","slug":"perforation","status":"publish","type":"page","link":"https:\/\/sipospack.hu\/en\/perforation\/","title":{"rendered":"Perforation"},"content":{"rendered":"<div class=\"wpb-content-wrapper\"><p>[vc_row wrap_container=&#8221;yes&#8221; content_placement=&#8221;middle&#8221; el_class=&#8221;mb-5&#8243;][vc_column width=&#8221;1\/2&#8243; el_class=&#8221;pr-lg-4&#8243;][vc_row_inner el_class=&#8221;justify-content-end&#8221;][vc_column_inner animation_delay=&#8221;600&#8243; offset=&#8221;vc_col-md-12&#8243; animation_type=&#8221;fadeInRight&#8221;]<div class=\"porto-u-heading my-5  wpb_custom_988966c65d64ba938194e2c91c0be1af porto-u-deedcbb7371acea8894cf5880bfdad9c \"><div class=\"porto-u-main-heading\"><h2   style=\"color:#2d554b;margin-bottom: 20px;\">OUR SOLUTION<\/h2><\/div><div class=\"porto-u-sub-heading\" style=\"color: #212529;\">\n<p class=\"p1\">Our customized packaging solutions can be made with three different perforation technologies.<\/p>\n<p class=\"p1\">We use perforations primarily to preserve the quality of fresh food and to facilitate the opening of the packaging.<\/p>\n<p><\/div><style>.porto-u-deedcbb7371acea8894cf5880bfdad9c.porto-u-heading{text-align:right}<\/style><\/div>[\/vc_column_inner][vc_column_inner animation_delay=&#8221;&#8221; offset=&#8221;vc_col-md-12&#8243;][vc_single_image image=&#8221;970&#8243; img_size=&#8221;full&#8221; animation_delay=&#8221;500&#8243; el_class=&#8221;mb-1&#8243; animation_type=&#8221;zoomIn&#8221;][\/vc_column_inner][\/vc_row_inner][\/vc_column][vc_column width=&#8221;1\/2&#8243; el_class=&#8221;pl-lg-4&#8243;][vc_row_inner el_class=&#8221;justify-content-start&#8221;][vc_column_inner offset=&#8221;vc_col-md-12&#8243;][vc_single_image image=&#8221;4385&#8243; img_size=&#8221;full&#8221; css=&#8221;&#8221; animation_delay=&#8221;500&#8243; el_class=&#8221;mb-0&#8243; animation_type=&#8221;zoomIn&#8221; label=&#8221;&#8221;][\/vc_column_inner][vc_column_inner animation_delay=&#8221;600&#8243; offset=&#8221;vc_col-md-12&#8243; animation_type=&#8221;fadeInLeft&#8221;]<div class=\"porto-u-heading mt-5  wpb_custom_7f2961c2398acf9eeb88f52c943e0189 porto-u-ad87e2eaf3f9c495180fe0156ddf3eb0 \"><div class=\"porto-u-main-heading\"><h2   style=\"font-weight:700;color:#2d554b;margin-bottom: 20px;font-size:14px;line-height:27px;\">TECHNOLOGY<\/h2><\/div><div class=\"porto-u-sub-heading\" style=\"color: #212529;\">\n<ul>\n<li><i class=\"fas fa-angle-right\"><\/i>Microperforation<\/li>\n<li><i class=\"fas fa-angle-right\"><\/i>Macroperforation<\/li>\n<li><i class=\"fas fa-angle-right\"><\/i>Laser perforation<\/li>\n<\/ul>\n<p><\/div><style>.porto-u-ad87e2eaf3f9c495180fe0156ddf3eb0.porto-u-heading{text-align:left}<\/style><\/div>[\/vc_column_inner][\/vc_row_inner][\/vc_column][\/vc_row][vc_row wrap_container=&#8221;yes&#8221; conditional_render=&#8221;%5B%7B%22value_role%22%3A%22administrator%22%7D%5D&#8221;][vc_column]<div class=\"porto-u-heading  wpb_custom_2785750b7195ebfaabbf5b7e4dd6bba0 porto-u-ad87e2eaf3f9c495180fe0156ddf3eb0 \"><div class=\"porto-u-main-heading\"><h2   style=\"color:#2d554b;margin-bottom: 30px;\">Microperforation<\/h2><\/div><style>.porto-u-ad87e2eaf3f9c495180fe0156ddf3eb0.porto-u-heading{text-align:left}<\/style><\/div>[vc_row_inner][vc_column_inner width=&#8221;2\/3&#8243;][vc_column_text]<strong>During microperforation, the film is perforated with 1 mm holes five times per square centimeter.<\/strong> The packaging which is prepared like this provides adequate ventilation while maintaining the temperature and freshness of the product.<\/p>\n<p><em>We recommend it primarily for packaging fresh goods, from bakery products to fresh vegetables and fruits. Up to 1600 mm wide.<\/em>[\/vc_column_text][\/vc_column_inner][vc_column_inner width=&#8221;1\/3&#8243;][vc_single_image image=&#8221;974&#8243; img_size=&#8221;full&#8221; alignment=&#8221;center&#8221;][\/vc_column_inner][\/vc_row_inner][\/vc_column][\/vc_row][vc_row wrap_container=&#8221;yes&#8221; conditional_render=&#8221;%5B%7B%22value_role%22%3A%22administrator%22%7D%5D&#8221;][vc_column]<div class=\"porto-u-heading  wpb_custom_2785750b7195ebfaabbf5b7e4dd6bba0 porto-u-ad87e2eaf3f9c495180fe0156ddf3eb0 \"><div class=\"porto-u-main-heading\"><h2   style=\"color:#2d554b;margin-bottom: 30px;\">Macroperforation<\/h2><\/div><style>.porto-u-ad87e2eaf3f9c495180fe0156ddf3eb0.porto-u-heading{text-align:left}<\/style><\/div>[vc_row_inner][vc_column_inner width=&#8221;2\/3&#8243;][vc_column_text]In the case of macroperforation, holes 5-8mm in diameter are placed on the foil to protect the packaged product from external influences and at the same time to ventilate it properly.<\/p>\n<p><em>Macroperforated packaging is mainly recommended for fresh vegetables and fruits. Up to a maximum width of 1300 mm.<\/em>[\/vc_column_text][\/vc_column_inner][vc_column_inner width=&#8221;1\/3&#8243;][vc_single_image image=&#8221;976&#8243; img_size=&#8221;full&#8221; alignment=&#8221;center&#8221;][\/vc_column_inner][\/vc_row_inner][\/vc_column][\/vc_row][vc_row wrap_container=&#8221;yes&#8221; conditional_render=&#8221;%5B%7B%22value_role%22%3A%22administrator%22%7D%5D&#8221;][vc_column]<div class=\"porto-u-heading  wpb_custom_2785750b7195ebfaabbf5b7e4dd6bba0 porto-u-ad87e2eaf3f9c495180fe0156ddf3eb0 \"><div class=\"porto-u-main-heading\"><h2   style=\"color:#2d554b;margin-bottom: 30px;\">Laser perforation<\/h2><\/div><style>.porto-u-ad87e2eaf3f9c495180fe0156ddf3eb0.porto-u-heading{text-align:left}<\/style><\/div>[vc_column_text]With engineering precision we are capable of creating patterns or row punching. The high-speed four-head punch laser can be used from any diameter of 50 microns to any custom size.<\/p>\n<p><em>Recommended for \u2018Easy open\u2019 and other creative perforation solutions. Up to a maximum width of 1700 mm.<\/em>[\/vc_column_text][vc_row_inner][vc_column_inner width=&#8221;1\/2&#8243;][vc_single_image image=&#8221;3366&#8243; img_size=&#8221;full&#8221; alignment=&#8221;center&#8221;][\/vc_column_inner][vc_column_inner width=&#8221;1\/2&#8243;][vc_single_image image=&#8221;3368&#8243; img_size=&#8221;full&#8221; alignment=&#8221;center&#8221;][\/vc_column_inner][\/vc_row_inner][\/vc_column][\/vc_row][vc_row wrap_container=&#8221;yes&#8221; el_class=&#8221;mb-5&#8243;][vc_column][vc_single_image image=&#8221;1105&#8243; img_size=&#8221;full&#8221; alignment=&#8221;center&#8221; animation_delay=&#8221;500&#8243; animation_type=&#8221;zoomIn&#8221;][\/vc_column][\/vc_row]<\/p>\n<\/div>","protected":false},"excerpt":{"rendered":"<p>[vc_row wrap_container=&#8221;yes&#8221; content_placement=&#8221;middle&#8221; el_class=&#8221;mb-5&#8243;][vc_column width=&#8221;1\/2&#8243; el_class=&#8221;pr-lg-4&#8243;][vc_row_inner el_class=&#8221;justify-content-end&#8221;][vc_column_inner animation_delay=&#8221;600&#8243; offset=&#8221;vc_col-md-12&#8243; animation_type=&#8221;fadeInRight&#8221;][\/vc_column_inner][vc_column_inner animation_delay=&#8221;&#8221; offset=&#8221;vc_col-md-12&#8243;][vc_single_image image=&#8221;970&#8243; img_size=&#8221;full&#8221; animation_delay=&#8221;500&#8243; el_class=&#8221;mb-1&#8243; animation_type=&#8221;zoomIn&#8221;][\/vc_column_inner][\/vc_row_inner][\/vc_column][vc_column width=&#8221;1\/2&#8243; el_class=&#8221;pl-lg-4&#8243;][vc_row_inner el_class=&#8221;justify-content-start&#8221;][vc_column_inner offset=&#8221;vc_col-md-12&#8243;][vc_single_image image=&#8221;4385&#8243; img_size=&#8221;full&#8221; css=&#8221;&#8221; animation_delay=&#8221;500&#8243; el_class=&#8221;mb-0&#8243; animation_type=&#8221;zoomIn&#8221; label=&#8221;&#8221;][\/vc_column_inner][vc_column_inner animation_delay=&#8221;600&#8243; offset=&#8221;vc_col-md-12&#8243; animation_type=&#8221;fadeInLeft&#8221;][\/vc_column_inner][\/vc_row_inner][\/vc_column][\/vc_row][vc_row wrap_container=&#8221;yes&#8221; conditional_render=&#8221;%5B%7B%22value_role%22%3A%22administrator%22%7D%5D&#8221;][vc_column][vc_row_inner][vc_column_inner width=&#8221;2\/3&#8243;][vc_column_text]During microperforation, the film is perforated with 1 mm holes five times per square centimeter. The packaging which is prepared like this [&hellip;]<\/p>\n","protected":false},"author":1,"featured_media":0,"parent":0,"menu_order":0,"comment_status":"closed","ping_status":"closed","template":"","meta":{"footnotes":""},"class_list":["post-1262","page","type-page","status-publish","hentry"],"yoast_head":"<!-- This site is optimized with the Yoast SEO plugin v25.1 - https:\/\/yoast.com\/wordpress\/plugins\/seo\/ -->\n<title>Perforation - Sipospack - Packaging<\/title>\n<meta name=\"robots\" content=\"index, follow, max-snippet:-1, max-image-preview:large, max-video-preview:-1\" \/>\n<link rel=\"canonical\" href=\"https:\/\/sipospack.hu\/en\/perforation\/\" \/>\n<meta property=\"og:locale\" content=\"en_US\" \/>\n<meta property=\"og:type\" content=\"article\" \/>\n<meta property=\"og:title\" content=\"Perforation - Sipospack - Packaging\" \/>\n<meta property=\"og:description\" content=\"[vc_row wrap_container=&#8221;yes&#8221; content_placement=&#8221;middle&#8221; el_class=&#8221;mb-5&#8243;][vc_column width=&#8221;1\/2&#8243; el_class=&#8221;pr-lg-4&#8243;][vc_row_inner el_class=&#8221;justify-content-end&#8221;][vc_column_inner animation_delay=&#8221;600&#8243; offset=&#8221;vc_col-md-12&#8243; animation_type=&#8221;fadeInRight&#8221;][\/vc_column_inner][vc_column_inner animation_delay=&#8221;&#8221; offset=&#8221;vc_col-md-12&#8243;][vc_single_image image=&#8221;970&#8243; img_size=&#8221;full&#8221; animation_delay=&#8221;500&#8243; el_class=&#8221;mb-1&#8243; animation_type=&#8221;zoomIn&#8221;][\/vc_column_inner][\/vc_row_inner][\/vc_column][vc_column width=&#8221;1\/2&#8243; el_class=&#8221;pl-lg-4&#8243;][vc_row_inner el_class=&#8221;justify-content-start&#8221;][vc_column_inner offset=&#8221;vc_col-md-12&#8243;][vc_single_image image=&#8221;4385&#8243; img_size=&#8221;full&#8221; css=&#8221;&#8221; animation_delay=&#8221;500&#8243; el_class=&#8221;mb-0&#8243; animation_type=&#8221;zoomIn&#8221; label=&#8221;&#8221;][\/vc_column_inner][vc_column_inner animation_delay=&#8221;600&#8243; offset=&#8221;vc_col-md-12&#8243; animation_type=&#8221;fadeInLeft&#8221;][\/vc_column_inner][\/vc_row_inner][\/vc_column][\/vc_row][vc_row wrap_container=&#8221;yes&#8221; conditional_render=&#8221;%5B%7B%22value_role%22%3A%22administrator%22%7D%5D&#8221;][vc_column][vc_row_inner][vc_column_inner width=&#8221;2\/3&#8243;][vc_column_text]During microperforation, the film is perforated with 1 mm holes five times per square centimeter. The packaging which is prepared like this [&hellip;]\" \/>\n<meta property=\"og:url\" content=\"https:\/\/sipospack.hu\/en\/perforation\/\" \/>\n<meta property=\"og:site_name\" content=\"Sipospack - Packaging\" \/>\n<meta property=\"article:publisher\" content=\"https:\/\/www.facebook.com\/siposgroup\/\" \/>\n<meta property=\"article:modified_time\" content=\"2025-05-20T17:31:01+00:00\" \/>\n<meta property=\"og:image\" content=\"https:\/\/sipospack.hu\/wp-content\/uploads\/2023\/02\/og-image.png\" \/>\n\t<meta property=\"og:image:width\" content=\"1200\" \/>\n\t<meta property=\"og:image:height\" content=\"627\" \/>\n\t<meta property=\"og:image:type\" content=\"image\/png\" \/>\n<meta name=\"twitter:card\" content=\"summary_large_image\" \/>\n<meta name=\"twitter:label1\" content=\"Est. reading time\" \/>\n\t<meta name=\"twitter:data1\" content=\"4 minutes\" \/>\n<script type=\"application\/ld+json\" class=\"yoast-schema-graph\">{\"@context\":\"https:\/\/schema.org\",\"@graph\":[{\"@type\":\"WebPage\",\"@id\":\"https:\/\/sipospack.hu\/en\/perforation\/\",\"url\":\"https:\/\/sipospack.hu\/en\/perforation\/\",\"name\":\"Perforation - Sipospack - Packaging\",\"isPartOf\":{\"@id\":\"https:\/\/sipospack.hu\/#website\"},\"datePublished\":\"2021-09-24T23:12:01+00:00\",\"dateModified\":\"2025-05-20T17:31:01+00:00\",\"breadcrumb\":{\"@id\":\"https:\/\/sipospack.hu\/en\/perforation\/#breadcrumb\"},\"inLanguage\":\"en-US\",\"potentialAction\":[{\"@type\":\"ReadAction\",\"target\":[\"https:\/\/sipospack.hu\/en\/perforation\/\"]}]},{\"@type\":\"BreadcrumbList\",\"@id\":\"https:\/\/sipospack.hu\/en\/perforation\/#breadcrumb\",\"itemListElement\":[{\"@type\":\"ListItem\",\"position\":1,\"name\":\"Kezd\u0151lap\",\"item\":\"https:\/\/sipospack.hu\/en\/\"},{\"@type\":\"ListItem\",\"position\":2,\"name\":\"Perforation\"}]},{\"@type\":\"WebSite\",\"@id\":\"https:\/\/sipospack.hu\/#website\",\"url\":\"https:\/\/sipospack.hu\/\",\"name\":\"Sipospack - Packaging\",\"description\":\"Egyedi csomagol\u00e1s tervez\u00e9s \u00e9s gy\u00e1rt\u00e1s\",\"publisher\":{\"@id\":\"https:\/\/sipospack.hu\/#organization\"},\"potentialAction\":[{\"@type\":\"SearchAction\",\"target\":{\"@type\":\"EntryPoint\",\"urlTemplate\":\"https:\/\/sipospack.hu\/?s={search_term_string}\"},\"query-input\":{\"@type\":\"PropertyValueSpecification\",\"valueRequired\":true,\"valueName\":\"search_term_string\"}}],\"inLanguage\":\"en-US\"},{\"@type\":\"Organization\",\"@id\":\"https:\/\/sipospack.hu\/#organization\",\"name\":\"Sipospack Kft.\",\"url\":\"https:\/\/sipospack.hu\/\",\"logo\":{\"@type\":\"ImageObject\",\"inLanguage\":\"en-US\",\"@id\":\"https:\/\/sipospack.hu\/#\/schema\/logo\/image\/\",\"url\":\"https:\/\/sipospack.hu\/wp-content\/uploads\/2021\/08\/sipospack-logo.png\",\"contentUrl\":\"https:\/\/sipospack.hu\/wp-content\/uploads\/2021\/08\/sipospack-logo.png\",\"width\":280,\"height\":120,\"caption\":\"Sipospack Kft.\"},\"image\":{\"@id\":\"https:\/\/sipospack.hu\/#\/schema\/logo\/image\/\"},\"sameAs\":[\"https:\/\/www.facebook.com\/siposgroup\/\",\"https:\/\/www.instagram.com\/sipos_group\/\",\"https:\/\/www.youtube.com\/channel\/UCYJ-Guvjg3TDNmSjSmyj4OQ\"]}]}<\/script>\n<!-- \/ Yoast SEO plugin. -->","yoast_head_json":{"title":"Perforation - Sipospack - Packaging","robots":{"index":"index","follow":"follow","max-snippet":"max-snippet:-1","max-image-preview":"max-image-preview:large","max-video-preview":"max-video-preview:-1"},"canonical":"https:\/\/sipospack.hu\/en\/perforation\/","og_locale":"en_US","og_type":"article","og_title":"Perforation - Sipospack - Packaging","og_description":"[vc_row wrap_container=&#8221;yes&#8221; content_placement=&#8221;middle&#8221; el_class=&#8221;mb-5&#8243;][vc_column width=&#8221;1\/2&#8243; el_class=&#8221;pr-lg-4&#8243;][vc_row_inner el_class=&#8221;justify-content-end&#8221;][vc_column_inner animation_delay=&#8221;600&#8243; offset=&#8221;vc_col-md-12&#8243; animation_type=&#8221;fadeInRight&#8221;][\/vc_column_inner][vc_column_inner animation_delay=&#8221;&#8221; offset=&#8221;vc_col-md-12&#8243;][vc_single_image image=&#8221;970&#8243; img_size=&#8221;full&#8221; animation_delay=&#8221;500&#8243; el_class=&#8221;mb-1&#8243; animation_type=&#8221;zoomIn&#8221;][\/vc_column_inner][\/vc_row_inner][\/vc_column][vc_column width=&#8221;1\/2&#8243; el_class=&#8221;pl-lg-4&#8243;][vc_row_inner el_class=&#8221;justify-content-start&#8221;][vc_column_inner offset=&#8221;vc_col-md-12&#8243;][vc_single_image image=&#8221;4385&#8243; img_size=&#8221;full&#8221; css=&#8221;&#8221; animation_delay=&#8221;500&#8243; el_class=&#8221;mb-0&#8243; animation_type=&#8221;zoomIn&#8221; label=&#8221;&#8221;][\/vc_column_inner][vc_column_inner animation_delay=&#8221;600&#8243; offset=&#8221;vc_col-md-12&#8243; animation_type=&#8221;fadeInLeft&#8221;][\/vc_column_inner][\/vc_row_inner][\/vc_column][\/vc_row][vc_row wrap_container=&#8221;yes&#8221; conditional_render=&#8221;%5B%7B%22value_role%22%3A%22administrator%22%7D%5D&#8221;][vc_column][vc_row_inner][vc_column_inner width=&#8221;2\/3&#8243;][vc_column_text]During microperforation, the film is perforated with 1 mm holes five times per square centimeter. The packaging which is prepared like this [&hellip;]","og_url":"https:\/\/sipospack.hu\/en\/perforation\/","og_site_name":"Sipospack - Packaging","article_publisher":"https:\/\/www.facebook.com\/siposgroup\/","article_modified_time":"2025-05-20T17:31:01+00:00","og_image":[{"width":1200,"height":627,"url":"https:\/\/sipospack.hu\/wp-content\/uploads\/2023\/02\/og-image.png","type":"image\/png"}],"twitter_card":"summary_large_image","twitter_misc":{"Est. reading time":"4 minutes"},"schema":{"@context":"https:\/\/schema.org","@graph":[{"@type":"WebPage","@id":"https:\/\/sipospack.hu\/en\/perforation\/","url":"https:\/\/sipospack.hu\/en\/perforation\/","name":"Perforation - Sipospack - Packaging","isPartOf":{"@id":"https:\/\/sipospack.hu\/#website"},"datePublished":"2021-09-24T23:12:01+00:00","dateModified":"2025-05-20T17:31:01+00:00","breadcrumb":{"@id":"https:\/\/sipospack.hu\/en\/perforation\/#breadcrumb"},"inLanguage":"en-US","potentialAction":[{"@type":"ReadAction","target":["https:\/\/sipospack.hu\/en\/perforation\/"]}]},{"@type":"BreadcrumbList","@id":"https:\/\/sipospack.hu\/en\/perforation\/#breadcrumb","itemListElement":[{"@type":"ListItem","position":1,"name":"Kezd\u0151lap","item":"https:\/\/sipospack.hu\/en\/"},{"@type":"ListItem","position":2,"name":"Perforation"}]},{"@type":"WebSite","@id":"https:\/\/sipospack.hu\/#website","url":"https:\/\/sipospack.hu\/","name":"Sipospack - Packaging","description":"Egyedi csomagol\u00e1s tervez\u00e9s \u00e9s gy\u00e1rt\u00e1s","publisher":{"@id":"https:\/\/sipospack.hu\/#organization"},"potentialAction":[{"@type":"SearchAction","target":{"@type":"EntryPoint","urlTemplate":"https:\/\/sipospack.hu\/?s={search_term_string}"},"query-input":{"@type":"PropertyValueSpecification","valueRequired":true,"valueName":"search_term_string"}}],"inLanguage":"en-US"},{"@type":"Organization","@id":"https:\/\/sipospack.hu\/#organization","name":"Sipospack Kft.","url":"https:\/\/sipospack.hu\/","logo":{"@type":"ImageObject","inLanguage":"en-US","@id":"https:\/\/sipospack.hu\/#\/schema\/logo\/image\/","url":"https:\/\/sipospack.hu\/wp-content\/uploads\/2021\/08\/sipospack-logo.png","contentUrl":"https:\/\/sipospack.hu\/wp-content\/uploads\/2021\/08\/sipospack-logo.png","width":280,"height":120,"caption":"Sipospack Kft."},"image":{"@id":"https:\/\/sipospack.hu\/#\/schema\/logo\/image\/"},"sameAs":["https:\/\/www.facebook.com\/siposgroup\/","https:\/\/www.instagram.com\/sipos_group\/","https:\/\/www.youtube.com\/channel\/UCYJ-Guvjg3TDNmSjSmyj4OQ"]}]}},"_links":{"self":[{"href":"https:\/\/sipospack.hu\/en\/wp-json\/wp\/v2\/pages\/1262","targetHints":{"allow":["GET"]}}],"collection":[{"href":"https:\/\/sipospack.hu\/en\/wp-json\/wp\/v2\/pages"}],"about":[{"href":"https:\/\/sipospack.hu\/en\/wp-json\/wp\/v2\/types\/page"}],"author":[{"embeddable":true,"href":"https:\/\/sipospack.hu\/en\/wp-json\/wp\/v2\/users\/1"}],"replies":[{"embeddable":true,"href":"https:\/\/sipospack.hu\/en\/wp-json\/wp\/v2\/comments?post=1262"}],"version-history":[{"count":5,"href":"https:\/\/sipospack.hu\/en\/wp-json\/wp\/v2\/pages\/1262\/revisions"}],"predecessor-version":[{"id":4388,"href":"https:\/\/sipospack.hu\/en\/wp-json\/wp\/v2\/pages\/1262\/revisions\/4388"}],"wp:attachment":[{"href":"https:\/\/sipospack.hu\/en\/wp-json\/wp\/v2\/media?parent=1262"}],"curies":[{"name":"wp","href":"https:\/\/api.w.org\/{rel}","templated":true}]}}